{"id":65,"date":"2020-09-16T21:47:25","date_gmt":"2020-09-16T19:47:25","guid":{"rendered":"http:\/\/www.lesecuriesduredon.fr\/wp3\/?page_id=65"},"modified":"2021-10-25T16:16:03","modified_gmt":"2021-10-25T14:16:03","slug":"prestations","status":"publish","type":"page","link":"https:\/\/www.lesecuriesduredon.fr\/index.php\/prestations\/","title":{"rendered":"Prestations &#038; tarifs"},"content":{"rendered":"\t\t<div data-elementor-type=\"wp-page\" data-elementor-id=\"65\" class=\"elementor elementor-65\">\n\t\t\t\t\t\t<section class=\"elementor-section elementor-top-section elementor-element elementor-element-2da78083 elementor-section-height-min-height elementor-section-content-middle elementor-section-stretched elementor-section-boxed elementor-section-height-default elementor-section-items-middle\" data-id=\"2da78083\" data-element_type=\"section\" data-settings=\"{&quot;background_background&quot;:&quot;slideshow&quot;,&quot;background_slideshow_gallery&quot;:[{&quot;id&quot;:130,&quot;url&quot;:&quot;https:\\\/\\\/www.lesecuriesduredon.fr\\\/wp-content\\\/uploads\\\/2020\\\/09\\\/59530528_1360954944052240_7751112674338930688_n.jpg&quot;},{&quot;id&quot;:131,&quot;url&quot;:&quot;https:\\\/\\\/www.lesecuriesduredon.fr\\\/wp-content\\\/uploads\\\/2020\\\/09\\\/61701026_1388151931332541_726667724423430144_n.jpg&quot;},{&quot;id&quot;:132,&quot;url&quot;:&quot;https:\\\/\\\/www.lesecuriesduredon.fr\\\/wp-content\\\/uploads\\\/2020\\\/09\\\/841247_258889070925505_1694130863_o.jpg&quot;}],&quot;stretch_section&quot;:&quot;section-stretched&quot;,&quot;background_slideshow_loop&quot;:&quot;yes&quot;,&quot;background_slideshow_slide_duration&quot;:5000,&quot;background_slideshow_slide_transition&quot;:&quot;fade&quot;,&quot;background_slideshow_transition_duration&quot;:500}\">\n\t\t\t\t\t\t\t<div class=\"elementor-background-overlay\"><\/div>\n\t\t\t\t\t\t\t<div class=\"elementor-container elementor-column-gap-no\">\n\t\t\t\t\t<div class=\"elementor-column elementor-col-100 elementor-top-column elementor-element elementor-element-68008416\" data-id=\"68008416\" data-element_type=\"column\">\n\t\t\t<div class=\"elementor-widget-wrap elementor-element-populated\">\n\t\t\t\t\t\t<div class=\"elementor-element elementor-element-5fb6c2f3 elementor-widget elementor-widget-heading\" data-id=\"5fb6c2f3\" data-element_type=\"widget\" data-widget_type=\"heading.default\">\n\t\t\t\t<div class=\"elementor-widget-container\">\n\t\t\t\t\t<h2 class=\"elementor-heading-title elementor-size-default\">PRESTATIONS<\/h2>\t\t\t\t<\/div>\n\t\t\t\t<\/div>\n\t\t\t\t<div class=\"elementor-element elementor-element-23a4bc11 elementor-widget elementor-widget-text-editor\" data-id=\"23a4bc11\" data-element_type=\"widget\" data-widget_type=\"text-editor.default\">\n\t\t\t\t<div class=\"elementor-widget-container\">\n\t\t\t\t\t\t\t\t\t<p>Retrouvez toutes les informations sur nos prestations en cliquant ci-dessous !<\/p>\t\t\t\t\t\t\t\t<\/div>\n\t\t\t\t<\/div>\n\t\t\t\t\t<\/div>\n\t\t<\/div>\n\t\t\t\t\t<\/div>\n\t\t<\/section>\n\t\t\t\t<section class=\"elementor-section elementor-top-section elementor-element elementor-element-bc6facb elementor-section-full_width elementor-section-height-default elementor-section-height-default\" data-id=\"bc6facb\" data-element_type=\"section\" data-settings=\"{&quot;background_background&quot;:&quot;classic&quot;}\">\n\t\t\t\t\t\t<div class=\"elementor-container elementor-column-gap-default\">\n\t\t\t\t\t<div class=\"elementor-column elementor-col-25 elementor-top-column elementor-element elementor-element-f2c0473\" data-id=\"f2c0473\" data-element_type=\"column\" data-settings=\"{&quot;background_background&quot;:&quot;classic&quot;}\">\n\t\t\t<div class=\"elementor-widget-wrap elementor-element-populated\">\n\t\t\t\t\t\t<div class=\"elementor-element elementor-element-20e4def elementor-widget elementor-widget-image\" data-id=\"20e4def\" data-element_type=\"widget\" data-widget_type=\"image.default\">\n\t\t\t\t<div class=\"elementor-widget-container\">\n\t\t\t\t\t\t\t\t\t\t\t\t\t\t\t<img fetchpriority=\"high\" decoding=\"async\" width=\"300\" height=\"200\" src=\"https:\/\/www.lesecuriesduredon.fr\/wp-content\/uploads\/2020\/09\/49813518_1277308775750191_3324241001328934912_n-300x200.jpg\" class=\"attachment-medium size-medium wp-image-25\" alt=\"\" srcset=\"https:\/\/www.lesecuriesduredon.fr\/wp-content\/uploads\/2020\/09\/49813518_1277308775750191_3324241001328934912_n-300x200.jpg 300w, https:\/\/www.lesecuriesduredon.fr\/wp-content\/uploads\/2020\/09\/49813518_1277308775750191_3324241001328934912_n-768x512.jpg 768w, https:\/\/www.lesecuriesduredon.fr\/wp-content\/uploads\/2020\/09\/49813518_1277308775750191_3324241001328934912_n.jpg 960w\" sizes=\"(max-width: 300px) 100vw, 300px\" \/>\t\t\t\t\t\t\t\t\t\t\t\t\t\t\t<\/div>\n\t\t\t\t<\/div>\n\t\t\t\t<div class=\"elementor-element elementor-element-59d5b31 elementor-widget elementor-widget-image-box\" data-id=\"59d5b31\" data-element_type=\"widget\" data-widget_type=\"image-box.default\">\n\t\t\t\t<div class=\"elementor-widget-container\">\n\t\t\t\t\t<div class=\"elementor-image-box-wrapper\"><div class=\"elementor-image-box-content\"><h3 class=\"elementor-image-box-title\"><a href=\"https:\/\/www.lesecuriesduredon.fr\/index.php\/pensions\/\">PENSIONS<\/a><\/h3><p class=\"elementor-image-box-description\">Choisissez votre pension adapt\u00e9e parmi nos formules.<\/p><\/div><\/div>\t\t\t\t<\/div>\n\t\t\t\t<\/div>\n\t\t\t\t\t<\/div>\n\t\t<\/div>\n\t\t\t\t<div class=\"elementor-column elementor-col-25 elementor-top-column elementor-element elementor-element-628138e\" data-id=\"628138e\" data-element_type=\"column\" data-settings=\"{&quot;background_background&quot;:&quot;classic&quot;}\">\n\t\t\t<div class=\"elementor-widget-wrap elementor-element-populated\">\n\t\t\t\t\t\t<div class=\"elementor-element elementor-element-7327890 elementor-widget elementor-widget-image\" data-id=\"7327890\" data-element_type=\"widget\" data-widget_type=\"image.default\">\n\t\t\t\t<div class=\"elementor-widget-container\">\n\t\t\t\t\t\t\t\t\t\t\t\t\t\t\t<img decoding=\"async\" width=\"300\" height=\"200\" src=\"https:\/\/www.lesecuriesduredon.fr\/wp-content\/uploads\/2020\/09\/61701026_1388151931332541_726667724423430144_n-300x200.jpg\" class=\"attachment-medium size-medium wp-image-131\" alt=\"\" srcset=\"https:\/\/www.lesecuriesduredon.fr\/wp-content\/uploads\/2020\/09\/61701026_1388151931332541_726667724423430144_n-300x200.jpg 300w, https:\/\/www.lesecuriesduredon.fr\/wp-content\/uploads\/2020\/09\/61701026_1388151931332541_726667724423430144_n.jpg 638w\" sizes=\"(max-width: 300px) 100vw, 300px\" \/>\t\t\t\t\t\t\t\t\t\t\t\t\t\t\t<\/div>\n\t\t\t\t<\/div>\n\t\t\t\t<div class=\"elementor-element elementor-element-a662449 elementor-widget elementor-widget-image-box\" data-id=\"a662449\" data-element_type=\"widget\" data-widget_type=\"image-box.default\">\n\t\t\t\t<div class=\"elementor-widget-container\">\n\t\t\t\t\t<div class=\"elementor-image-box-wrapper\"><div class=\"elementor-image-box-content\"><h3 class=\"elementor-image-box-title\"><a href=\"https:\/\/www.lesecuriesduredon.fr\/index.php\/travail-du-cheval\/\">TRAVAIL DU CHEVAL<\/a><\/h3><p class=\"elementor-image-box-description\">Du jeune au plus \u00e2g\u00e9, faites progresser votre cheval<\/p><\/div><\/div>\t\t\t\t<\/div>\n\t\t\t\t<\/div>\n\t\t\t\t\t<\/div>\n\t\t<\/div>\n\t\t\t\t<div class=\"elementor-column elementor-col-25 elementor-top-column elementor-element elementor-element-b09370f\" data-id=\"b09370f\" data-element_type=\"column\">\n\t\t\t<div class=\"elementor-widget-wrap elementor-element-populated\">\n\t\t\t\t\t\t<div class=\"elementor-element elementor-element-e6e4fb1 elementor-widget elementor-widget-image\" data-id=\"e6e4fb1\" data-element_type=\"widget\" data-widget_type=\"image.default\">\n\t\t\t\t<div class=\"elementor-widget-container\">\n\t\t\t\t\t\t\t\t\t\t\t\t\t\t\t<img decoding=\"async\" width=\"300\" height=\"201\" src=\"https:\/\/www.lesecuriesduredon.fr\/wp-content\/uploads\/2020\/09\/65309484_1409345295879871_6563446486330245120_n-300x201.jpg\" class=\"attachment-medium size-medium wp-image-145\" alt=\"\" srcset=\"https:\/\/www.lesecuriesduredon.fr\/wp-content\/uploads\/2020\/09\/65309484_1409345295879871_6563446486330245120_n-300x201.jpg 300w, https:\/\/www.lesecuriesduredon.fr\/wp-content\/uploads\/2020\/09\/65309484_1409345295879871_6563446486330245120_n-768x514.jpg 768w, https:\/\/www.lesecuriesduredon.fr\/wp-content\/uploads\/2020\/09\/65309484_1409345295879871_6563446486330245120_n.jpg 960w\" sizes=\"(max-width: 300px) 100vw, 300px\" \/>\t\t\t\t\t\t\t\t\t\t\t\t\t\t\t<\/div>\n\t\t\t\t<\/div>\n\t\t\t\t<div class=\"elementor-element elementor-element-0c15ffe elementor-widget elementor-widget-image-box\" data-id=\"0c15ffe\" data-element_type=\"widget\" data-widget_type=\"image-box.default\">\n\t\t\t\t<div class=\"elementor-widget-container\">\n\t\t\t\t\t<div class=\"elementor-image-box-wrapper\"><div class=\"elementor-image-box-content\"><h3 class=\"elementor-image-box-title\"><a href=\"https:\/\/www.lesecuriesduredon.fr\/index.php\/cours-coaching\/\">COURS ET COACHING<\/a><\/h3><p class=\"elementor-image-box-description\">Prenez des cours pour atteindre votre but !<\/p><\/div><\/div>\t\t\t\t<\/div>\n\t\t\t\t<\/div>\n\t\t\t\t\t<\/div>\n\t\t<\/div>\n\t\t\t\t<div class=\"elementor-column elementor-col-25 elementor-top-column elementor-element elementor-element-ad012f6 elementor-invisible\" data-id=\"ad012f6\" data-element_type=\"column\" data-settings=\"{&quot;background_background&quot;:&quot;classic&quot;,&quot;animation&quot;:&quot;fadeIn&quot;}\">\n\t\t\t<div class=\"elementor-widget-wrap elementor-element-populated\">\n\t\t\t\t\t\t<div class=\"elementor-element elementor-element-f51b32a elementor-widget elementor-widget-image\" data-id=\"f51b32a\" data-element_type=\"widget\" data-widget_type=\"image.default\">\n\t\t\t\t<div class=\"elementor-widget-container\">\n\t\t\t\t\t\t\t\t\t\t\t\t\t\t\t<img loading=\"lazy\" decoding=\"async\" width=\"300\" height=\"200\" src=\"https:\/\/www.lesecuriesduredon.fr\/wp-content\/uploads\/2020\/09\/841247_258889070925505_1694130863_o-300x200.jpg\" class=\"attachment-medium size-medium wp-image-132\" alt=\"\" srcset=\"https:\/\/www.lesecuriesduredon.fr\/wp-content\/uploads\/2020\/09\/841247_258889070925505_1694130863_o-300x200.jpg 300w, https:\/\/www.lesecuriesduredon.fr\/wp-content\/uploads\/2020\/09\/841247_258889070925505_1694130863_o-768x512.jpg 768w, https:\/\/www.lesecuriesduredon.fr\/wp-content\/uploads\/2020\/09\/841247_258889070925505_1694130863_o-1024x683.jpg 1024w, https:\/\/www.lesecuriesduredon.fr\/wp-content\/uploads\/2020\/09\/841247_258889070925505_1694130863_o.jpg 1500w\" sizes=\"(max-width: 300px) 100vw, 300px\" \/>\t\t\t\t\t\t\t\t\t\t\t\t\t\t\t<\/div>\n\t\t\t\t<\/div>\n\t\t\t\t<div class=\"elementor-element elementor-element-442165a elementor-widget elementor-widget-image-box\" data-id=\"442165a\" data-element_type=\"widget\" data-widget_type=\"image-box.default\">\n\t\t\t\t<div class=\"elementor-widget-container\">\n\t\t\t\t\t<div class=\"elementor-image-box-wrapper\"><div class=\"elementor-image-box-content\"><h3 class=\"elementor-image-box-title\"><a href=\"https:\/\/www.lesecuriesduredon.fr\/index.php\/autres\/\">AUTRES<\/a><\/h3><p class=\"elementor-image-box-description\">Les petits plus confortables pour vous et votre cheval !<\/p><\/div><\/div>\t\t\t\t<\/div>\n\t\t\t\t<\/div>\n\t\t\t\t\t<\/div>\n\t\t<\/div>\n\t\t\t\t\t<\/div>\n\t\t<\/section>\n\t\t\t\t<\/div>\n\t\t","protected":false},"excerpt":{"rendered":"<p>PRESTATIONS Retrouvez toutes les informations sur nos prestations en cliquant ci-dessous ! PENSIONS Choisissez votre pension adapt\u00e9e parmi nos formules. TRAVAIL DU CHEVAL Du jeune au plus \u00e2g\u00e9, faites progresser votre cheval COURS ET COACHING Prenez des cours pour atteindre votre but ! AUTRES Les petits plus confortables pour vous et votre cheval !<\/p>\n","protected":false},"author":1,"featured_media":0,"parent":0,"menu_order":0,"comment_status":"closed","ping_status":"closed","template":"","meta":{"ocean_post_layout":"","ocean_both_sidebars_style":"","ocean_both_sidebars_content_width":0,"ocean_both_sidebars_sidebars_width":0,"ocean_sidebar":"0","ocean_second_sidebar":"0","ocean_disable_margins":"enable","ocean_add_body_class":"","ocean_shortcode_before_top_bar":"","ocean_shortcode_after_top_bar":"","ocean_shortcode_before_header":"","ocean_shortcode_after_header":"","ocean_has_shortcode":"","ocean_shortcode_after_title":"","ocean_shortcode_before_footer_widgets":"","ocean_shortcode_after_footer_widgets":"","ocean_shortcode_before_footer_bottom":"","ocean_shortcode_after_footer_bottom":"","ocean_display_top_bar":"default","ocean_display_header":"default","ocean_header_style":"","ocean_center_header_left_menu":"0","ocean_custom_header_template":"0","ocean_custom_logo":0,"ocean_custom_retina_logo":0,"ocean_custom_logo_max_width":0,"ocean_custom_logo_tablet_max_width":0,"ocean_custom_logo_mobile_max_width":0,"ocean_custom_logo_max_height":0,"ocean_custom_logo_tablet_max_height":0,"ocean_custom_logo_mobile_max_height":0,"ocean_header_custom_menu":"0","ocean_menu_typo_font_family":"0","ocean_menu_typo_font_subset":"","ocean_menu_typo_font_size":0,"ocean_menu_typo_font_size_tablet":0,"ocean_menu_typo_font_size_mobile":0,"ocean_menu_typo_font_size_unit":"px","ocean_menu_typo_font_weight":"","ocean_menu_typo_font_weight_tablet":"","ocean_menu_typo_font_weight_mobile":"","ocean_menu_typo_transform":"","ocean_menu_typo_transform_tablet":"","ocean_menu_typo_transform_mobile":"","ocean_menu_typo_line_height":0,"ocean_menu_typo_line_height_tablet":0,"ocean_menu_typo_line_height_mobile":0,"ocean_menu_typo_line_height_unit":"","ocean_menu_typo_spacing":0,"ocean_menu_typo_spacing_tablet":0,"ocean_menu_typo_spacing_mobile":0,"ocean_menu_typo_spacing_unit":"","ocean_menu_link_color":"","ocean_menu_link_color_hover":"","ocean_menu_link_color_active":"","ocean_menu_link_background":"","ocean_menu_link_hover_background":"","ocean_menu_link_active_background":"","ocean_menu_social_links_bg":"","ocean_menu_social_hover_links_bg":"","ocean_menu_social_links_color":"","ocean_menu_social_hover_links_color":"","ocean_disable_title":"default","ocean_disable_heading":"default","ocean_post_title":"","ocean_post_subheading":"","ocean_post_title_style":"","ocean_post_title_background_color":"","ocean_post_title_background":0,"ocean_post_title_bg_image_position":"","ocean_post_title_bg_image_attachment":"","ocean_post_title_bg_image_repeat":"","ocean_post_title_bg_image_size":"","ocean_post_title_height":0,"ocean_post_title_bg_overlay":0.5,"ocean_post_title_bg_overlay_color":"","ocean_disable_breadcrumbs":"default","ocean_breadcrumbs_color":"","ocean_breadcrumbs_separator_color":"","ocean_breadcrumbs_links_color":"","ocean_breadcrumbs_links_hover_color":"","ocean_display_footer_widgets":"default","ocean_display_footer_bottom":"default","ocean_custom_footer_template":"0","footnotes":""},"yoast_head":"<!-- This site is optimized with the Yoast SEO plugin v24.5 - https:\/\/yoast.com\/wordpress\/plugins\/seo\/ -->\n<title>Prestations &amp; tarifs - Les \u00e9curies du Redon<\/title>\n<meta name=\"robots\" content=\"index, follow, max-snippet:-1, max-image-preview:large, max-video-preview:-1\" \/>\n<link rel=\"canonical\" href=\"https:\/\/www.lesecuriesduredon.fr\/index.php\/prestations\/\" \/>\n<meta property=\"og:locale\" content=\"fr_FR\" \/>\n<meta property=\"og:type\" content=\"article\" \/>\n<meta property=\"og:title\" content=\"Prestations &amp; tarifs - Les \u00e9curies du Redon\" \/>\n<meta property=\"og:description\" content=\"PRESTATIONS Retrouvez toutes les informations sur nos prestations en cliquant ci-dessous ! PENSIONS Choisissez votre pension adapt\u00e9e parmi nos formules. TRAVAIL DU CHEVAL Du jeune au plus \u00e2g\u00e9, faites progresser votre cheval COURS ET COACHING Prenez des cours pour atteindre votre but ! AUTRES Les petits plus confortables pour vous et votre cheval !\" \/>\n<meta property=\"og:url\" content=\"https:\/\/www.lesecuriesduredon.fr\/index.php\/prestations\/\" \/>\n<meta property=\"og:site_name\" content=\"Les \u00e9curies du Redon\" \/>\n<meta property=\"article:modified_time\" content=\"2021-10-25T14:16:03+00:00\" \/>\n<meta property=\"og:image\" content=\"https:\/\/www.lesecuriesduredon.fr\/wp-content\/uploads\/2020\/09\/49813518_1277308775750191_3324241001328934912_n-300x200.jpg\" \/>\n<meta name=\"twitter:card\" content=\"summary_large_image\" \/>\n<script type=\"application\/ld+json\" class=\"yoast-schema-graph\">{\"@context\":\"https:\/\/schema.org\",\"@graph\":[{\"@type\":\"WebPage\",\"@id\":\"https:\/\/www.lesecuriesduredon.fr\/index.php\/prestations\/\",\"url\":\"https:\/\/www.lesecuriesduredon.fr\/index.php\/prestations\/\",\"name\":\"Prestations & tarifs - Les \u00e9curies du Redon\",\"isPartOf\":{\"@id\":\"https:\/\/www.lesecuriesduredon.fr\/#website\"},\"primaryImageOfPage\":{\"@id\":\"https:\/\/www.lesecuriesduredon.fr\/index.php\/prestations\/#primaryimage\"},\"image\":{\"@id\":\"https:\/\/www.lesecuriesduredon.fr\/index.php\/prestations\/#primaryimage\"},\"thumbnailUrl\":\"https:\/\/www.lesecuriesduredon.fr\/wp-content\/uploads\/2020\/09\/49813518_1277308775750191_3324241001328934912_n-300x200.jpg\",\"datePublished\":\"2020-09-16T19:47:25+00:00\",\"dateModified\":\"2021-10-25T14:16:03+00:00\",\"breadcrumb\":{\"@id\":\"https:\/\/www.lesecuriesduredon.fr\/index.php\/prestations\/#breadcrumb\"},\"inLanguage\":\"fr-FR\",\"potentialAction\":[{\"@type\":\"ReadAction\",\"target\":[\"https:\/\/www.lesecuriesduredon.fr\/index.php\/prestations\/\"]}]},{\"@type\":\"ImageObject\",\"inLanguage\":\"fr-FR\",\"@id\":\"https:\/\/www.lesecuriesduredon.fr\/index.php\/prestations\/#primaryimage\",\"url\":\"https:\/\/www.lesecuriesduredon.fr\/wp-content\/uploads\/2020\/09\/49813518_1277308775750191_3324241001328934912_n.jpg\",\"contentUrl\":\"https:\/\/www.lesecuriesduredon.fr\/wp-content\/uploads\/2020\/09\/49813518_1277308775750191_3324241001328934912_n.jpg\",\"width\":960,\"height\":640},{\"@type\":\"BreadcrumbList\",\"@id\":\"https:\/\/www.lesecuriesduredon.fr\/index.php\/prestations\/#breadcrumb\",\"itemListElement\":[{\"@type\":\"ListItem\",\"position\":1,\"name\":\"Accueil\",\"item\":\"https:\/\/www.lesecuriesduredon.fr\/\"},{\"@type\":\"ListItem\",\"position\":2,\"name\":\"Prestations &#038; tarifs\"}]},{\"@type\":\"WebSite\",\"@id\":\"https:\/\/www.lesecuriesduredon.fr\/#website\",\"url\":\"https:\/\/www.lesecuriesduredon.fr\/\",\"name\":\"Les \u00e9curies du Redon\",\"description\":\"\",\"publisher\":{\"@id\":\"https:\/\/www.lesecuriesduredon.fr\/#organization\"},\"potentialAction\":[{\"@type\":\"SearchAction\",\"target\":{\"@type\":\"EntryPoint\",\"urlTemplate\":\"https:\/\/www.lesecuriesduredon.fr\/?s={search_term_string}\"},\"query-input\":{\"@type\":\"PropertyValueSpecification\",\"valueRequired\":true,\"valueName\":\"search_term_string\"}}],\"inLanguage\":\"fr-FR\"},{\"@type\":\"Organization\",\"@id\":\"https:\/\/www.lesecuriesduredon.fr\/#organization\",\"name\":\"Les \u00e9curies du Redon\",\"url\":\"https:\/\/www.lesecuriesduredon.fr\/\",\"logo\":{\"@type\":\"ImageObject\",\"inLanguage\":\"fr-FR\",\"@id\":\"https:\/\/www.lesecuriesduredon.fr\/#\/schema\/logo\/image\/\",\"url\":\"https:\/\/www.lesecuriesduredon.fr\/wp-content\/uploads\/2020\/09\/cropped-logo-le-redon-7.png\",\"contentUrl\":\"https:\/\/www.lesecuriesduredon.fr\/wp-content\/uploads\/2020\/09\/cropped-logo-le-redon-7.png\",\"width\":177,\"height\":163,\"caption\":\"Les \u00e9curies du Redon\"},\"image\":{\"@id\":\"https:\/\/www.lesecuriesduredon.fr\/#\/schema\/logo\/image\/\"}}]}<\/script>\n<!-- \/ Yoast SEO plugin. -->","yoast_head_json":{"title":"Prestations & tarifs - Les \u00e9curies du Redon","robots":{"index":"index","follow":"follow","max-snippet":"max-snippet:-1","max-image-preview":"max-image-preview:large","max-video-preview":"max-video-preview:-1"},"canonical":"https:\/\/www.lesecuriesduredon.fr\/index.php\/prestations\/","og_locale":"fr_FR","og_type":"article","og_title":"Prestations & tarifs - Les \u00e9curies du Redon","og_description":"PRESTATIONS Retrouvez toutes les informations sur nos prestations en cliquant ci-dessous ! PENSIONS Choisissez votre pension adapt\u00e9e parmi nos formules. TRAVAIL DU CHEVAL Du jeune au plus \u00e2g\u00e9, faites progresser votre cheval COURS ET COACHING Prenez des cours pour atteindre votre but ! AUTRES Les petits plus confortables pour vous et votre cheval !","og_url":"https:\/\/www.lesecuriesduredon.fr\/index.php\/prestations\/","og_site_name":"Les \u00e9curies du Redon","article_modified_time":"2021-10-25T14:16:03+00:00","og_image":[{"url":"https:\/\/www.lesecuriesduredon.fr\/wp-content\/uploads\/2020\/09\/49813518_1277308775750191_3324241001328934912_n-300x200.jpg","type":"","width":"","height":""}],"twitter_card":"summary_large_image","schema":{"@context":"https:\/\/schema.org","@graph":[{"@type":"WebPage","@id":"https:\/\/www.lesecuriesduredon.fr\/index.php\/prestations\/","url":"https:\/\/www.lesecuriesduredon.fr\/index.php\/prestations\/","name":"Prestations & tarifs - Les \u00e9curies du Redon","isPartOf":{"@id":"https:\/\/www.lesecuriesduredon.fr\/#website"},"primaryImageOfPage":{"@id":"https:\/\/www.lesecuriesduredon.fr\/index.php\/prestations\/#primaryimage"},"image":{"@id":"https:\/\/www.lesecuriesduredon.fr\/index.php\/prestations\/#primaryimage"},"thumbnailUrl":"https:\/\/www.lesecuriesduredon.fr\/wp-content\/uploads\/2020\/09\/49813518_1277308775750191_3324241001328934912_n-300x200.jpg","datePublished":"2020-09-16T19:47:25+00:00","dateModified":"2021-10-25T14:16:03+00:00","breadcrumb":{"@id":"https:\/\/www.lesecuriesduredon.fr\/index.php\/prestations\/#breadcrumb"},"inLanguage":"fr-FR","potentialAction":[{"@type":"ReadAction","target":["https:\/\/www.lesecuriesduredon.fr\/index.php\/prestations\/"]}]},{"@type":"ImageObject","inLanguage":"fr-FR","@id":"https:\/\/www.lesecuriesduredon.fr\/index.php\/prestations\/#primaryimage","url":"https:\/\/www.lesecuriesduredon.fr\/wp-content\/uploads\/2020\/09\/49813518_1277308775750191_3324241001328934912_n.jpg","contentUrl":"https:\/\/www.lesecuriesduredon.fr\/wp-content\/uploads\/2020\/09\/49813518_1277308775750191_3324241001328934912_n.jpg","width":960,"height":640},{"@type":"BreadcrumbList","@id":"https:\/\/www.lesecuriesduredon.fr\/index.php\/prestations\/#breadcrumb","itemListElement":[{"@type":"ListItem","position":1,"name":"Accueil","item":"https:\/\/www.lesecuriesduredon.fr\/"},{"@type":"ListItem","position":2,"name":"Prestations &#038; tarifs"}]},{"@type":"WebSite","@id":"https:\/\/www.lesecuriesduredon.fr\/#website","url":"https:\/\/www.lesecuriesduredon.fr\/","name":"Les \u00e9curies du Redon","description":"","publisher":{"@id":"https:\/\/www.lesecuriesduredon.fr\/#organization"},"potentialAction":[{"@type":"SearchAction","target":{"@type":"EntryPoint","urlTemplate":"https:\/\/www.lesecuriesduredon.fr\/?s={search_term_string}"},"query-input":{"@type":"PropertyValueSpecification","valueRequired":true,"valueName":"search_term_string"}}],"inLanguage":"fr-FR"},{"@type":"Organization","@id":"https:\/\/www.lesecuriesduredon.fr\/#organization","name":"Les \u00e9curies du Redon","url":"https:\/\/www.lesecuriesduredon.fr\/","logo":{"@type":"ImageObject","inLanguage":"fr-FR","@id":"https:\/\/www.lesecuriesduredon.fr\/#\/schema\/logo\/image\/","url":"https:\/\/www.lesecuriesduredon.fr\/wp-content\/uploads\/2020\/09\/cropped-logo-le-redon-7.png","contentUrl":"https:\/\/www.lesecuriesduredon.fr\/wp-content\/uploads\/2020\/09\/cropped-logo-le-redon-7.png","width":177,"height":163,"caption":"Les \u00e9curies du Redon"},"image":{"@id":"https:\/\/www.lesecuriesduredon.fr\/#\/schema\/logo\/image\/"}}]}},"_links":{"self":[{"href":"https:\/\/www.lesecuriesduredon.fr\/index.php\/wp-json\/wp\/v2\/pages\/65"}],"collection":[{"href":"https:\/\/www.lesecuriesduredon.fr\/index.php\/wp-json\/wp\/v2\/pages"}],"about":[{"href":"https:\/\/www.lesecuriesduredon.fr\/index.php\/wp-json\/wp\/v2\/types\/page"}],"author":[{"embeddable":true,"href":"https:\/\/www.lesecuriesduredon.fr\/index.php\/wp-json\/wp\/v2\/users\/1"}],"replies":[{"embeddable":true,"href":"https:\/\/www.lesecuriesduredon.fr\/index.php\/wp-json\/wp\/v2\/comments?post=65"}],"version-history":[{"count":29,"href":"https:\/\/www.lesecuriesduredon.fr\/index.php\/wp-json\/wp\/v2\/pages\/65\/revisions"}],"predecessor-version":[{"id":405,"href":"https:\/\/www.lesecuriesduredon.fr\/index.php\/wp-json\/wp\/v2\/pages\/65\/revisions\/405"}],"wp:attachment":[{"href":"https:\/\/www.lesecuriesduredon.fr\/index.php\/wp-json\/wp\/v2\/media?parent=65"}],"curies":[{"name":"wp","href":"https:\/\/api.w.org\/{rel}","templated":true}]}}